{"id":265,"date":"2025-11-19T06:08:18","date_gmt":"2025-11-19T06:08:18","guid":{"rendered":"https:\/\/travelconciergethailand.com\/?post_type=product&#038;p=265"},"modified":"2025-12-08T07:10:54","modified_gmt":"2025-12-08T07:10:54","slug":"comfort-2-weeks-%e2%86%92-price-49-99-usd","status":"publish","type":"product","link":"https:\/\/travelconciergethailand.com\/fr\/produit\/comfort-2-weeks-%e2%86%92-price-49-99-usd\/","title":{"rendered":"Confort - 2 semaines \u2192 Prix 49.99 (USD)"},"content":{"rendered":"<ul class=\"elementor-price-table__features-list\">\n<li class=\"elementor-repeater-item-a731001\">\n<div class=\"elementor-price-table__feature-inner\">\u00a02 semaines de soutien continu<\/div>\n<\/li>\n<li class=\"elementor-repeater-item-1e13faf\">\n<div class=\"elementor-price-table__feature-inner\">\u00a0Tout dans le Lite<\/div>\n<\/li>\n<li class=\"elementor-repeater-item-96f619c\">\n<div class=\"elementor-price-table__feature-inner\">\u00a0Aide \u00e0 l'adaptation des r\u00e9servations (h\u00f4tels, activit\u00e9s)<\/div>\n<\/li>\n<li class=\"elementor-repeater-item-1f3e4a9\">\n<div class=\"elementor-price-table__feature-inner\">\u00a0Des appels quotidiens sur WhatsApp pendant que vous voyagez<\/div>\n<\/li>\n<li class=\"elementor-repeater-item-e65083d\">\n<div class=\"elementor-price-table__feature-inner\">\u00a0R\u00e9ponses dans les 3 heures<\/div>\n<\/li>\n<li class=\"elementor-repeater-item-7d3af3c\">\n<div class=\"elementor-price-table__feature-inner\">\u00a0Conseils d'initi\u00e9s : restaurants cach\u00e9s, caf\u00e9s, etc.<\/div>\n<\/li>\n<\/ul>","protected":false},"excerpt":{"rendered":"<p>\u00a02 weeks of ongoing support \u00a0Everything in Lite \u00a0Help adjusting bookings (hotels, activities) \u00a0Daily WhatsApp check-ins while you travel \u00a0Replies within 3 hours \u00a0Insider tips: hidden restaurants, cafes etc<\/p>","protected":false},"featured_media":286,"comment_status":"open","ping_status":"closed","template":"","meta":[],"product_brand":[],"product_cat":[21],"product_tag":[],"class_list":{"0":"post-265","1":"product","2":"type-product","3":"status-publish","4":"has-post-thumbnail","6":"product_cat-uncategorized","8":"first","9":"instock","10":"virtual","11":"purchasable","12":"product-type-simple"},"_links":{"self":[{"href":"https:\/\/travelconciergethailand.com\/fr\/wp-json\/wp\/v2\/product\/265","targetHints":{"allow":["GET"]}}],"collection":[{"href":"https:\/\/travelconciergethailand.com\/fr\/wp-json\/wp\/v2\/product"}],"about":[{"href":"https:\/\/travelconciergethailand.com\/fr\/wp-json\/wp\/v2\/types\/product"}],"replies":[{"embeddable":true,"href":"https:\/\/travelconciergethailand.com\/fr\/wp-json\/wp\/v2\/comments?post=265"}],"wp:featuredmedia":[{"embeddable":true,"href":"https:\/\/travelconciergethailand.com\/fr\/wp-json\/wp\/v2\/media\/286"}],"wp:attachment":[{"href":"https:\/\/travelconciergethailand.com\/fr\/wp-json\/wp\/v2\/media?parent=265"}],"wp:term":[{"taxonomy":"product_brand","embeddable":true,"href":"https:\/\/travelconciergethailand.com\/fr\/wp-json\/wp\/v2\/product_brand?post=265"},{"taxonomy":"product_cat","embeddable":true,"href":"https:\/\/travelconciergethailand.com\/fr\/wp-json\/wp\/v2\/product_cat?post=265"},{"taxonomy":"product_tag","embeddable":true,"href":"https:\/\/travelconciergethailand.com\/fr\/wp-json\/wp\/v2\/product_tag?post=265"}],"curies":[{"name":"wp","href":"https:\/\/api.w.org\/{rel}","templated":true}]}}